{"id":2832,"date":"2019-10-27T15:13:42","date_gmt":"2019-10-27T14:13:42","guid":{"rendered":"https:\/\/www.toncic.net\/de\/?page_id=2832"},"modified":"2025-12-11T09:55:15","modified_gmt":"2025-12-11T08:55:15","slug":"nasenkorrektur-rhinoplastik","status":"publish","type":"page","link":"https:\/\/www.toncic.net\/de\/chirurgischen-eingriffe\/nasenkorrektur-rhinoplastik\/","title":{"rendered":"Rhinoplastik &#8211; Nasenkorrektur"},"content":{"rendered":"","protected":false},"excerpt":{"rendered":"","protected":false},"author":1,"featured_media":0,"parent":2755,"menu_order":0,"comment_status":"closed","ping_status":"closed","template":"","meta":{"inline_featured_image":false,"footnotes":""},"class_list":["post-2832","page","type-page","status-publish","hentry"],"yoast_head":"<!-- This site is optimized with the Yoast SEO plugin v18.3 - https:\/\/yoast.com\/wordpress\/plugins\/seo\/ -->\n<title>Nasenkorrektur | Rhinoplastik | Poliklinik dr. Ton\u010di\u0107<\/title>\n<meta name=\"description\" content=\"Die Nasenkorrektur ist ein \u00e4sthetisches Verfahren, das ein viel sch\u00f6neres und eleganteres Erscheinungsbild der Nase erzeugt.\" \/>\n<meta name=\"robots\" content=\"index, follow, max-snippet:-1, max-image-preview:large, max-video-preview:-1\" \/>\n<link rel=\"canonical\" href=\"https:\/\/www.toncic.net\/de\/chirurgischen-eingriffe\/nasenkorrektur-rhinoplastik\/\" \/>\n<meta property=\"og:locale\" content=\"de_DE\" \/>\n<meta property=\"og:type\" content=\"article\" \/>\n<meta property=\"og:title\" content=\"Nasenkorrektur | Rhinoplastik | Poliklinik dr. Ton\u010di\u0107\" \/>\n<meta property=\"og:description\" content=\"Die Nasenkorrektur ist ein \u00e4sthetisches Verfahren, das ein viel sch\u00f6neres und eleganteres Erscheinungsbild der Nase erzeugt.\" \/>\n<meta property=\"og:url\" content=\"https:\/\/www.toncic.net\/de\/chirurgischen-eingriffe\/nasenkorrektur-rhinoplastik\/\" \/>\n<meta property=\"og:site_name\" content=\"Sch\u00f6nheitschirurgie Dr. Toncic | Sch\u00f6nheitsoperationen - Preise, Kosten, Risiken\" \/>\n<meta property=\"article:modified_time\" content=\"2025-12-11T08:55:15+00:00\" \/>\n<meta name=\"twitter:card\" content=\"summary_large_image\" \/>\n<script type=\"application\/ld+json\" class=\"yoast-schema-graph\">{\"@context\":\"https:\/\/schema.org\",\"@graph\":[{\"@type\":\"Organization\",\"@id\":\"https:\/\/www.toncic.net\/de\/#organization\",\"name\":\"Poliklinika dr. Ton\u010di\u0107\",\"url\":\"https:\/\/www.toncic.net\/de\/\",\"sameAs\":[],\"logo\":{\"@type\":\"ImageObject\",\"@id\":\"https:\/\/www.toncic.net\/de\/#logo\",\"inLanguage\":\"de\",\"url\":\"https:\/\/www.toncic.net\/de\/wp-content\/uploads\/2019\/10\/poliklinika-dr-toncic_logo-ljubicasti.png\",\"contentUrl\":\"https:\/\/www.toncic.net\/de\/wp-content\/uploads\/2019\/10\/poliklinika-dr-toncic_logo-ljubicasti.png\",\"width\":1250,\"height\":417,\"caption\":\"Poliklinika dr. Ton\u010di\u0107\"},\"image\":{\"@id\":\"https:\/\/www.toncic.net\/de\/#logo\"}},{\"@type\":\"WebSite\",\"@id\":\"https:\/\/www.toncic.net\/de\/#website\",\"url\":\"https:\/\/www.toncic.net\/de\/\",\"name\":\"Sch\u00f6nheitschirurgie Dr. Toncic | Sch\u00f6nheitsoperationen - Preise, Kosten, Risiken\",\"description\":\"Samo jo\u0161 jedna WordPress web-stranica\",\"publisher\":{\"@id\":\"https:\/\/www.toncic.net\/de\/#organization\"},\"potentialAction\":[{\"@type\":\"SearchAction\",\"target\":{\"@type\":\"EntryPoint\",\"urlTemplate\":\"https:\/\/www.toncic.net\/de\/?s={search_term_string}\"},\"query-input\":\"required name=search_term_string\"}],\"inLanguage\":\"de\"},{\"@type\":\"WebPage\",\"@id\":\"https:\/\/www.toncic.net\/de\/chirurgischen-eingriffe\/nasenkorrektur-rhinoplastik\/#webpage\",\"url\":\"https:\/\/www.toncic.net\/de\/chirurgischen-eingriffe\/nasenkorrektur-rhinoplastik\/\",\"name\":\"Nasenkorrektur | Rhinoplastik | Poliklinik dr. Ton\u010di\u0107\",\"isPartOf\":{\"@id\":\"https:\/\/www.toncic.net\/de\/#website\"},\"datePublished\":\"2019-10-27T14:13:42+00:00\",\"dateModified\":\"2025-12-11T08:55:15+00:00\",\"description\":\"Die Nasenkorrektur ist ein \u00e4sthetisches Verfahren, das ein viel sch\u00f6neres und eleganteres Erscheinungsbild der Nase erzeugt.\",\"breadcrumb\":{\"@id\":\"https:\/\/www.toncic.net\/de\/chirurgischen-eingriffe\/nasenkorrektur-rhinoplastik\/#breadcrumb\"},\"inLanguage\":\"de\",\"potentialAction\":[{\"@type\":\"ReadAction\",\"target\":[\"https:\/\/www.toncic.net\/de\/chirurgischen-eingriffe\/nasenkorrektur-rhinoplastik\/\"]}]},{\"@type\":\"BreadcrumbList\",\"@id\":\"https:\/\/www.toncic.net\/de\/chirurgischen-eingriffe\/nasenkorrektur-rhinoplastik\/#breadcrumb\",\"itemListElement\":[{\"@type\":\"ListItem\",\"position\":1,\"name\":\"Home\",\"item\":\"https:\/\/www.toncic.net\/de\/\"},{\"@type\":\"ListItem\",\"position\":2,\"name\":\"Chirurgischen Eingriffe\",\"item\":\"https:\/\/www.toncic.net\/de\/chirurgischen-eingriffe\/\"},{\"@type\":\"ListItem\",\"position\":3,\"name\":\"Rhinoplastik &#8211; Nasenkorrektur\"}]}]}<\/script>\n<!-- \/ Yoast SEO plugin. -->","yoast_head_json":{"title":"Nasenkorrektur | Rhinoplastik | Poliklinik dr. Ton\u010di\u0107","description":"Die Nasenkorrektur ist ein \u00e4sthetisches Verfahren, das ein viel sch\u00f6neres und eleganteres Erscheinungsbild der Nase erzeugt.","robots":{"index":"index","follow":"follow","max-snippet":"max-snippet:-1","max-image-preview":"max-image-preview:large","max-video-preview":"max-video-preview:-1"},"canonical":"https:\/\/www.toncic.net\/de\/chirurgischen-eingriffe\/nasenkorrektur-rhinoplastik\/","og_locale":"de_DE","og_type":"article","og_title":"Nasenkorrektur | Rhinoplastik | Poliklinik dr. Ton\u010di\u0107","og_description":"Die Nasenkorrektur ist ein \u00e4sthetisches Verfahren, das ein viel sch\u00f6neres und eleganteres Erscheinungsbild der Nase erzeugt.","og_url":"https:\/\/www.toncic.net\/de\/chirurgischen-eingriffe\/nasenkorrektur-rhinoplastik\/","og_site_name":"Sch\u00f6nheitschirurgie Dr. Toncic | Sch\u00f6nheitsoperationen - Preise, Kosten, Risiken","article_modified_time":"2025-12-11T08:55:15+00:00","twitter_card":"summary_large_image","schema":{"@context":"https:\/\/schema.org","@graph":[{"@type":"Organization","@id":"https:\/\/www.toncic.net\/de\/#organization","name":"Poliklinika dr. Ton\u010di\u0107","url":"https:\/\/www.toncic.net\/de\/","sameAs":[],"logo":{"@type":"ImageObject","@id":"https:\/\/www.toncic.net\/de\/#logo","inLanguage":"de","url":"https:\/\/www.toncic.net\/de\/wp-content\/uploads\/2019\/10\/poliklinika-dr-toncic_logo-ljubicasti.png","contentUrl":"https:\/\/www.toncic.net\/de\/wp-content\/uploads\/2019\/10\/poliklinika-dr-toncic_logo-ljubicasti.png","width":1250,"height":417,"caption":"Poliklinika dr. Ton\u010di\u0107"},"image":{"@id":"https:\/\/www.toncic.net\/de\/#logo"}},{"@type":"WebSite","@id":"https:\/\/www.toncic.net\/de\/#website","url":"https:\/\/www.toncic.net\/de\/","name":"Sch\u00f6nheitschirurgie Dr. Toncic | Sch\u00f6nheitsoperationen - Preise, Kosten, Risiken","description":"Samo jo\u0161 jedna WordPress web-stranica","publisher":{"@id":"https:\/\/www.toncic.net\/de\/#organization"},"potentialAction":[{"@type":"SearchAction","target":{"@type":"EntryPoint","urlTemplate":"https:\/\/www.toncic.net\/de\/?s={search_term_string}"},"query-input":"required name=search_term_string"}],"inLanguage":"de"},{"@type":"WebPage","@id":"https:\/\/www.toncic.net\/de\/chirurgischen-eingriffe\/nasenkorrektur-rhinoplastik\/#webpage","url":"https:\/\/www.toncic.net\/de\/chirurgischen-eingriffe\/nasenkorrektur-rhinoplastik\/","name":"Nasenkorrektur | Rhinoplastik | Poliklinik dr. Ton\u010di\u0107","isPartOf":{"@id":"https:\/\/www.toncic.net\/de\/#website"},"datePublished":"2019-10-27T14:13:42+00:00","dateModified":"2025-12-11T08:55:15+00:00","description":"Die Nasenkorrektur ist ein \u00e4sthetisches Verfahren, das ein viel sch\u00f6neres und eleganteres Erscheinungsbild der Nase erzeugt.","breadcrumb":{"@id":"https:\/\/www.toncic.net\/de\/chirurgischen-eingriffe\/nasenkorrektur-rhinoplastik\/#breadcrumb"},"inLanguage":"de","potentialAction":[{"@type":"ReadAction","target":["https:\/\/www.toncic.net\/de\/chirurgischen-eingriffe\/nasenkorrektur-rhinoplastik\/"]}]},{"@type":"BreadcrumbList","@id":"https:\/\/www.toncic.net\/de\/chirurgischen-eingriffe\/nasenkorrektur-rhinoplastik\/#breadcrumb","itemListElement":[{"@type":"ListItem","position":1,"name":"Home","item":"https:\/\/www.toncic.net\/de\/"},{"@type":"ListItem","position":2,"name":"Chirurgischen Eingriffe","item":"https:\/\/www.toncic.net\/de\/chirurgischen-eingriffe\/"},{"@type":"ListItem","position":3,"name":"Rhinoplastik &#8211; Nasenkorrektur"}]}]}},"_links":{"self":[{"href":"https:\/\/www.toncic.net\/de\/wp-json\/wp\/v2\/pages\/2832","targetHints":{"allow":["GET"]}}],"collection":[{"href":"https:\/\/www.toncic.net\/de\/wp-json\/wp\/v2\/pages"}],"about":[{"href":"https:\/\/www.toncic.net\/de\/wp-json\/wp\/v2\/types\/page"}],"author":[{"embeddable":true,"href":"https:\/\/www.toncic.net\/de\/wp-json\/wp\/v2\/users\/1"}],"replies":[{"embeddable":true,"href":"https:\/\/www.toncic.net\/de\/wp-json\/wp\/v2\/comments?post=2832"}],"version-history":[{"count":5,"href":"https:\/\/www.toncic.net\/de\/wp-json\/wp\/v2\/pages\/2832\/revisions"}],"predecessor-version":[{"id":6534,"href":"https:\/\/www.toncic.net\/de\/wp-json\/wp\/v2\/pages\/2832\/revisions\/6534"}],"up":[{"embeddable":true,"href":"https:\/\/www.toncic.net\/de\/wp-json\/wp\/v2\/pages\/2755"}],"wp:attachment":[{"href":"https:\/\/www.toncic.net\/de\/wp-json\/wp\/v2\/media?parent=2832"}],"curies":[{"name":"wp","href":"https:\/\/api.w.org\/{rel}","templated":true}]}}