{"id":2844,"date":"2019-10-27T15:16:10","date_gmt":"2019-10-27T14:16:10","guid":{"rendered":"https:\/\/www.toncic.net\/de\/?page_id=2844"},"modified":"2025-12-11T09:54:59","modified_gmt":"2025-12-11T08:54:59","slug":"facelifting","status":"publish","type":"page","link":"https:\/\/www.toncic.net\/de\/chirurgischen-eingriffe\/facelifting\/","title":{"rendered":"Facelifting"},"content":{"rendered":"","protected":false},"excerpt":{"rendered":"","protected":false},"author":1,"featured_media":0,"parent":2755,"menu_order":0,"comment_status":"closed","ping_status":"closed","template":"","meta":{"inline_featured_image":false,"footnotes":""},"class_list":["post-2844","page","type-page","status-publish","hentry"],"yoast_head":"<!-- This site is optimized with the Yoast SEO plugin v18.3 - https:\/\/yoast.com\/wordpress\/plugins\/seo\/ -->\n<title>Facelifting | \u00c4sthetischer Eingriff | Poliklinik dr. Toncic<\/title>\n<meta name=\"description\" content=\"Das komplette Face- und Halslifting ist ein \u00e4sthetischer Eingriff, bei dem die h\u00e4ngende Gesichts- und Halshaut gestrafft wird.\" \/>\n<meta name=\"robots\" content=\"index, follow, max-snippet:-1, max-image-preview:large, max-video-preview:-1\" \/>\n<link rel=\"canonical\" href=\"https:\/\/www.toncic.net\/de\/chirurgischen-eingriffe\/facelifting\/\" \/>\n<meta property=\"og:locale\" content=\"de_DE\" \/>\n<meta property=\"og:type\" content=\"article\" \/>\n<meta property=\"og:title\" content=\"Facelifting | \u00c4sthetischer Eingriff | Poliklinik dr. Toncic\" \/>\n<meta property=\"og:description\" content=\"Das komplette Face- und Halslifting ist ein \u00e4sthetischer Eingriff, bei dem die h\u00e4ngende Gesichts- und Halshaut gestrafft wird.\" \/>\n<meta property=\"og:url\" content=\"https:\/\/www.toncic.net\/de\/chirurgischen-eingriffe\/facelifting\/\" \/>\n<meta property=\"og:site_name\" content=\"Sch\u00f6nheitschirurgie Dr. Toncic | Sch\u00f6nheitsoperationen - Preise, Kosten, Risiken\" \/>\n<meta property=\"article:modified_time\" content=\"2025-12-11T08:54:59+00:00\" \/>\n<meta name=\"twitter:card\" content=\"summary_large_image\" \/>\n<script type=\"application\/ld+json\" class=\"yoast-schema-graph\">{\"@context\":\"https:\/\/schema.org\",\"@graph\":[{\"@type\":\"Organization\",\"@id\":\"https:\/\/www.toncic.net\/de\/#organization\",\"name\":\"Poliklinika dr. Ton\u010di\u0107\",\"url\":\"https:\/\/www.toncic.net\/de\/\",\"sameAs\":[],\"logo\":{\"@type\":\"ImageObject\",\"@id\":\"https:\/\/www.toncic.net\/de\/#logo\",\"inLanguage\":\"de\",\"url\":\"https:\/\/www.toncic.net\/de\/wp-content\/uploads\/2019\/10\/poliklinika-dr-toncic_logo-ljubicasti.png\",\"contentUrl\":\"https:\/\/www.toncic.net\/de\/wp-content\/uploads\/2019\/10\/poliklinika-dr-toncic_logo-ljubicasti.png\",\"width\":1250,\"height\":417,\"caption\":\"Poliklinika dr. Ton\u010di\u0107\"},\"image\":{\"@id\":\"https:\/\/www.toncic.net\/de\/#logo\"}},{\"@type\":\"WebSite\",\"@id\":\"https:\/\/www.toncic.net\/de\/#website\",\"url\":\"https:\/\/www.toncic.net\/de\/\",\"name\":\"Sch\u00f6nheitschirurgie Dr. Toncic | Sch\u00f6nheitsoperationen - Preise, Kosten, Risiken\",\"description\":\"Samo jo\u0161 jedna WordPress web-stranica\",\"publisher\":{\"@id\":\"https:\/\/www.toncic.net\/de\/#organization\"},\"potentialAction\":[{\"@type\":\"SearchAction\",\"target\":{\"@type\":\"EntryPoint\",\"urlTemplate\":\"https:\/\/www.toncic.net\/de\/?s={search_term_string}\"},\"query-input\":\"required name=search_term_string\"}],\"inLanguage\":\"de\"},{\"@type\":\"WebPage\",\"@id\":\"https:\/\/www.toncic.net\/de\/chirurgischen-eingriffe\/facelifting\/#webpage\",\"url\":\"https:\/\/www.toncic.net\/de\/chirurgischen-eingriffe\/facelifting\/\",\"name\":\"Facelifting | \u00c4sthetischer Eingriff | Poliklinik dr. Toncic\",\"isPartOf\":{\"@id\":\"https:\/\/www.toncic.net\/de\/#website\"},\"datePublished\":\"2019-10-27T14:16:10+00:00\",\"dateModified\":\"2025-12-11T08:54:59+00:00\",\"description\":\"Das komplette Face- und Halslifting ist ein \u00e4sthetischer Eingriff, bei dem die h\u00e4ngende Gesichts- und Halshaut gestrafft wird.\",\"breadcrumb\":{\"@id\":\"https:\/\/www.toncic.net\/de\/chirurgischen-eingriffe\/facelifting\/#breadcrumb\"},\"inLanguage\":\"de\",\"potentialAction\":[{\"@type\":\"ReadAction\",\"target\":[\"https:\/\/www.toncic.net\/de\/chirurgischen-eingriffe\/facelifting\/\"]}]},{\"@type\":\"BreadcrumbList\",\"@id\":\"https:\/\/www.toncic.net\/de\/chirurgischen-eingriffe\/facelifting\/#breadcrumb\",\"itemListElement\":[{\"@type\":\"ListItem\",\"position\":1,\"name\":\"Home\",\"item\":\"https:\/\/www.toncic.net\/de\/\"},{\"@type\":\"ListItem\",\"position\":2,\"name\":\"Chirurgischen Eingriffe\",\"item\":\"https:\/\/www.toncic.net\/de\/chirurgischen-eingriffe\/\"},{\"@type\":\"ListItem\",\"position\":3,\"name\":\"Facelifting\"}]}]}<\/script>\n<!-- \/ Yoast SEO plugin. -->","yoast_head_json":{"title":"Facelifting | \u00c4sthetischer Eingriff | Poliklinik dr. Toncic","description":"Das komplette Face- und Halslifting ist ein \u00e4sthetischer Eingriff, bei dem die h\u00e4ngende Gesichts- und Halshaut gestrafft wird.","robots":{"index":"index","follow":"follow","max-snippet":"max-snippet:-1","max-image-preview":"max-image-preview:large","max-video-preview":"max-video-preview:-1"},"canonical":"https:\/\/www.toncic.net\/de\/chirurgischen-eingriffe\/facelifting\/","og_locale":"de_DE","og_type":"article","og_title":"Facelifting | \u00c4sthetischer Eingriff | Poliklinik dr. Toncic","og_description":"Das komplette Face- und Halslifting ist ein \u00e4sthetischer Eingriff, bei dem die h\u00e4ngende Gesichts- und Halshaut gestrafft wird.","og_url":"https:\/\/www.toncic.net\/de\/chirurgischen-eingriffe\/facelifting\/","og_site_name":"Sch\u00f6nheitschirurgie Dr. Toncic | Sch\u00f6nheitsoperationen - Preise, Kosten, Risiken","article_modified_time":"2025-12-11T08:54:59+00:00","twitter_card":"summary_large_image","schema":{"@context":"https:\/\/schema.org","@graph":[{"@type":"Organization","@id":"https:\/\/www.toncic.net\/de\/#organization","name":"Poliklinika dr. Ton\u010di\u0107","url":"https:\/\/www.toncic.net\/de\/","sameAs":[],"logo":{"@type":"ImageObject","@id":"https:\/\/www.toncic.net\/de\/#logo","inLanguage":"de","url":"https:\/\/www.toncic.net\/de\/wp-content\/uploads\/2019\/10\/poliklinika-dr-toncic_logo-ljubicasti.png","contentUrl":"https:\/\/www.toncic.net\/de\/wp-content\/uploads\/2019\/10\/poliklinika-dr-toncic_logo-ljubicasti.png","width":1250,"height":417,"caption":"Poliklinika dr. Ton\u010di\u0107"},"image":{"@id":"https:\/\/www.toncic.net\/de\/#logo"}},{"@type":"WebSite","@id":"https:\/\/www.toncic.net\/de\/#website","url":"https:\/\/www.toncic.net\/de\/","name":"Sch\u00f6nheitschirurgie Dr. Toncic | Sch\u00f6nheitsoperationen - Preise, Kosten, Risiken","description":"Samo jo\u0161 jedna WordPress web-stranica","publisher":{"@id":"https:\/\/www.toncic.net\/de\/#organization"},"potentialAction":[{"@type":"SearchAction","target":{"@type":"EntryPoint","urlTemplate":"https:\/\/www.toncic.net\/de\/?s={search_term_string}"},"query-input":"required name=search_term_string"}],"inLanguage":"de"},{"@type":"WebPage","@id":"https:\/\/www.toncic.net\/de\/chirurgischen-eingriffe\/facelifting\/#webpage","url":"https:\/\/www.toncic.net\/de\/chirurgischen-eingriffe\/facelifting\/","name":"Facelifting | \u00c4sthetischer Eingriff | Poliklinik dr. Toncic","isPartOf":{"@id":"https:\/\/www.toncic.net\/de\/#website"},"datePublished":"2019-10-27T14:16:10+00:00","dateModified":"2025-12-11T08:54:59+00:00","description":"Das komplette Face- und Halslifting ist ein \u00e4sthetischer Eingriff, bei dem die h\u00e4ngende Gesichts- und Halshaut gestrafft wird.","breadcrumb":{"@id":"https:\/\/www.toncic.net\/de\/chirurgischen-eingriffe\/facelifting\/#breadcrumb"},"inLanguage":"de","potentialAction":[{"@type":"ReadAction","target":["https:\/\/www.toncic.net\/de\/chirurgischen-eingriffe\/facelifting\/"]}]},{"@type":"BreadcrumbList","@id":"https:\/\/www.toncic.net\/de\/chirurgischen-eingriffe\/facelifting\/#breadcrumb","itemListElement":[{"@type":"ListItem","position":1,"name":"Home","item":"https:\/\/www.toncic.net\/de\/"},{"@type":"ListItem","position":2,"name":"Chirurgischen Eingriffe","item":"https:\/\/www.toncic.net\/de\/chirurgischen-eingriffe\/"},{"@type":"ListItem","position":3,"name":"Facelifting"}]}]}},"_links":{"self":[{"href":"https:\/\/www.toncic.net\/de\/wp-json\/wp\/v2\/pages\/2844","targetHints":{"allow":["GET"]}}],"collection":[{"href":"https:\/\/www.toncic.net\/de\/wp-json\/wp\/v2\/pages"}],"about":[{"href":"https:\/\/www.toncic.net\/de\/wp-json\/wp\/v2\/types\/page"}],"author":[{"embeddable":true,"href":"https:\/\/www.toncic.net\/de\/wp-json\/wp\/v2\/users\/1"}],"replies":[{"embeddable":true,"href":"https:\/\/www.toncic.net\/de\/wp-json\/wp\/v2\/comments?post=2844"}],"version-history":[{"count":6,"href":"https:\/\/www.toncic.net\/de\/wp-json\/wp\/v2\/pages\/2844\/revisions"}],"predecessor-version":[{"id":6531,"href":"https:\/\/www.toncic.net\/de\/wp-json\/wp\/v2\/pages\/2844\/revisions\/6531"}],"up":[{"embeddable":true,"href":"https:\/\/www.toncic.net\/de\/wp-json\/wp\/v2\/pages\/2755"}],"wp:attachment":[{"href":"https:\/\/www.toncic.net\/de\/wp-json\/wp\/v2\/media?parent=2844"}],"curies":[{"name":"wp","href":"https:\/\/api.w.org\/{rel}","templated":true}]}}