{"id":2872,"date":"2019-10-27T15:21:03","date_gmt":"2019-10-27T14:21:03","guid":{"rendered":"https:\/\/www.toncic.net\/de\/?page_id=2872"},"modified":"2020-02-21T12:46:03","modified_gmt":"2020-02-21T11:46:03","slug":"korrektur-der-abgesenkten-nasenspitze","status":"publish","type":"page","link":"https:\/\/www.toncic.net\/de\/korrektur-der-abgesenkten-nasenspitze\/","title":{"rendered":"Korrektur der abgesenkten Nasenspitze"},"content":{"rendered":"","protected":false},"excerpt":{"rendered":"","protected":false},"author":1,"featured_media":0,"parent":0,"menu_order":0,"comment_status":"closed","ping_status":"closed","template":"","meta":{"inline_featured_image":false,"footnotes":""},"class_list":["post-2872","page","type-page","status-publish","hentry"],"yoast_head":"<!-- This site is optimized with the Yoast SEO plugin v18.3 - https:\/\/yoast.com\/wordpress\/plugins\/seo\/ -->\n<title>Korrektur der abgesenkten Nasenspitze | Sch\u00f6nheitschirurgie Dr. Toncic | Sch\u00f6nheitsoperationen - Preise, Kosten, Risiken<\/title>\n<meta name=\"description\" content=\"Sch\u00f6nheitschirurgie Dr. Toncic | Sch\u00f6nheitsoperationen - Preise, Kosten, Risiken | Korrektur der abgesenkten Nasenspitze |\" \/>\n<meta name=\"robots\" content=\"index, follow, max-snippet:-1, max-image-preview:large, max-video-preview:-1\" \/>\n<link rel=\"canonical\" href=\"https:\/\/www.toncic.net\/de\/korrektur-der-abgesenkten-nasenspitze\/\" \/>\n<meta property=\"og:locale\" content=\"de_DE\" \/>\n<meta property=\"og:type\" content=\"article\" \/>\n<meta property=\"og:title\" content=\"Korrektur der abgesenkten Nasenspitze | Sch\u00f6nheitschirurgie Dr. Toncic | Sch\u00f6nheitsoperationen - Preise, Kosten, Risiken\" \/>\n<meta property=\"og:description\" content=\"Sch\u00f6nheitschirurgie Dr. Toncic | Sch\u00f6nheitsoperationen - Preise, Kosten, Risiken | Korrektur der abgesenkten Nasenspitze |\" \/>\n<meta property=\"og:url\" content=\"https:\/\/www.toncic.net\/de\/korrektur-der-abgesenkten-nasenspitze\/\" \/>\n<meta property=\"og:site_name\" content=\"Sch\u00f6nheitschirurgie Dr. Toncic | Sch\u00f6nheitsoperationen - Preise, Kosten, Risiken\" \/>\n<meta property=\"article:modified_time\" content=\"2020-02-21T11:46:03+00:00\" \/>\n<meta name=\"twitter:card\" content=\"summary_large_image\" \/>\n<script type=\"application\/ld+json\" class=\"yoast-schema-graph\">{\"@context\":\"https:\/\/schema.org\",\"@graph\":[{\"@type\":\"Organization\",\"@id\":\"https:\/\/www.toncic.net\/de\/#organization\",\"name\":\"Poliklinika dr. Ton\u010di\u0107\",\"url\":\"https:\/\/www.toncic.net\/de\/\",\"sameAs\":[],\"logo\":{\"@type\":\"ImageObject\",\"@id\":\"https:\/\/www.toncic.net\/de\/#logo\",\"inLanguage\":\"de\",\"url\":\"https:\/\/www.toncic.net\/de\/wp-content\/uploads\/2019\/10\/poliklinika-dr-toncic_logo-ljubicasti.png\",\"contentUrl\":\"https:\/\/www.toncic.net\/de\/wp-content\/uploads\/2019\/10\/poliklinika-dr-toncic_logo-ljubicasti.png\",\"width\":1250,\"height\":417,\"caption\":\"Poliklinika dr. Ton\u010di\u0107\"},\"image\":{\"@id\":\"https:\/\/www.toncic.net\/de\/#logo\"}},{\"@type\":\"WebSite\",\"@id\":\"https:\/\/www.toncic.net\/de\/#website\",\"url\":\"https:\/\/www.toncic.net\/de\/\",\"name\":\"Sch\u00f6nheitschirurgie Dr. Toncic | Sch\u00f6nheitsoperationen - Preise, Kosten, Risiken\",\"description\":\"Samo jo\u0161 jedna WordPress web-stranica\",\"publisher\":{\"@id\":\"https:\/\/www.toncic.net\/de\/#organization\"},\"potentialAction\":[{\"@type\":\"SearchAction\",\"target\":{\"@type\":\"EntryPoint\",\"urlTemplate\":\"https:\/\/www.toncic.net\/de\/?s={search_term_string}\"},\"query-input\":\"required name=search_term_string\"}],\"inLanguage\":\"de\"},{\"@type\":\"WebPage\",\"@id\":\"https:\/\/www.toncic.net\/de\/korrektur-der-abgesenkten-nasenspitze\/#webpage\",\"url\":\"https:\/\/www.toncic.net\/de\/korrektur-der-abgesenkten-nasenspitze\/\",\"name\":\"Korrektur der abgesenkten Nasenspitze | Sch\u00f6nheitschirurgie Dr. Toncic | Sch\u00f6nheitsoperationen - Preise, Kosten, Risiken\",\"isPartOf\":{\"@id\":\"https:\/\/www.toncic.net\/de\/#website\"},\"datePublished\":\"2019-10-27T14:21:03+00:00\",\"dateModified\":\"2020-02-21T11:46:03+00:00\",\"description\":\"Sch\u00f6nheitschirurgie Dr. Toncic | Sch\u00f6nheitsoperationen - Preise, Kosten, Risiken | Korrektur der abgesenkten Nasenspitze |\",\"breadcrumb\":{\"@id\":\"https:\/\/www.toncic.net\/de\/korrektur-der-abgesenkten-nasenspitze\/#breadcrumb\"},\"inLanguage\":\"de\",\"potentialAction\":[{\"@type\":\"ReadAction\",\"target\":[\"https:\/\/www.toncic.net\/de\/korrektur-der-abgesenkten-nasenspitze\/\"]}]},{\"@type\":\"BreadcrumbList\",\"@id\":\"https:\/\/www.toncic.net\/de\/korrektur-der-abgesenkten-nasenspitze\/#breadcrumb\",\"itemListElement\":[{\"@type\":\"ListItem\",\"position\":1,\"name\":\"Home\",\"item\":\"https:\/\/www.toncic.net\/de\/\"},{\"@type\":\"ListItem\",\"position\":2,\"name\":\"Korrektur der abgesenkten Nasenspitze\"}]}]}<\/script>\n<!-- \/ Yoast SEO plugin. -->","yoast_head_json":{"title":"Korrektur der abgesenkten Nasenspitze | Sch\u00f6nheitschirurgie Dr. Toncic | Sch\u00f6nheitsoperationen - Preise, Kosten, Risiken","description":"Sch\u00f6nheitschirurgie Dr. Toncic | Sch\u00f6nheitsoperationen - Preise, Kosten, Risiken | Korrektur der abgesenkten Nasenspitze |","robots":{"index":"index","follow":"follow","max-snippet":"max-snippet:-1","max-image-preview":"max-image-preview:large","max-video-preview":"max-video-preview:-1"},"canonical":"https:\/\/www.toncic.net\/de\/korrektur-der-abgesenkten-nasenspitze\/","og_locale":"de_DE","og_type":"article","og_title":"Korrektur der abgesenkten Nasenspitze | Sch\u00f6nheitschirurgie Dr. Toncic | Sch\u00f6nheitsoperationen - Preise, Kosten, Risiken","og_description":"Sch\u00f6nheitschirurgie Dr. Toncic | Sch\u00f6nheitsoperationen - Preise, Kosten, Risiken | Korrektur der abgesenkten Nasenspitze |","og_url":"https:\/\/www.toncic.net\/de\/korrektur-der-abgesenkten-nasenspitze\/","og_site_name":"Sch\u00f6nheitschirurgie Dr. Toncic | Sch\u00f6nheitsoperationen - Preise, Kosten, Risiken","article_modified_time":"2020-02-21T11:46:03+00:00","twitter_card":"summary_large_image","schema":{"@context":"https:\/\/schema.org","@graph":[{"@type":"Organization","@id":"https:\/\/www.toncic.net\/de\/#organization","name":"Poliklinika dr. Ton\u010di\u0107","url":"https:\/\/www.toncic.net\/de\/","sameAs":[],"logo":{"@type":"ImageObject","@id":"https:\/\/www.toncic.net\/de\/#logo","inLanguage":"de","url":"https:\/\/www.toncic.net\/de\/wp-content\/uploads\/2019\/10\/poliklinika-dr-toncic_logo-ljubicasti.png","contentUrl":"https:\/\/www.toncic.net\/de\/wp-content\/uploads\/2019\/10\/poliklinika-dr-toncic_logo-ljubicasti.png","width":1250,"height":417,"caption":"Poliklinika dr. Ton\u010di\u0107"},"image":{"@id":"https:\/\/www.toncic.net\/de\/#logo"}},{"@type":"WebSite","@id":"https:\/\/www.toncic.net\/de\/#website","url":"https:\/\/www.toncic.net\/de\/","name":"Sch\u00f6nheitschirurgie Dr. Toncic | Sch\u00f6nheitsoperationen - Preise, Kosten, Risiken","description":"Samo jo\u0161 jedna WordPress web-stranica","publisher":{"@id":"https:\/\/www.toncic.net\/de\/#organization"},"potentialAction":[{"@type":"SearchAction","target":{"@type":"EntryPoint","urlTemplate":"https:\/\/www.toncic.net\/de\/?s={search_term_string}"},"query-input":"required name=search_term_string"}],"inLanguage":"de"},{"@type":"WebPage","@id":"https:\/\/www.toncic.net\/de\/korrektur-der-abgesenkten-nasenspitze\/#webpage","url":"https:\/\/www.toncic.net\/de\/korrektur-der-abgesenkten-nasenspitze\/","name":"Korrektur der abgesenkten Nasenspitze | Sch\u00f6nheitschirurgie Dr. Toncic | Sch\u00f6nheitsoperationen - Preise, Kosten, Risiken","isPartOf":{"@id":"https:\/\/www.toncic.net\/de\/#website"},"datePublished":"2019-10-27T14:21:03+00:00","dateModified":"2020-02-21T11:46:03+00:00","description":"Sch\u00f6nheitschirurgie Dr. Toncic | Sch\u00f6nheitsoperationen - Preise, Kosten, Risiken | Korrektur der abgesenkten Nasenspitze |","breadcrumb":{"@id":"https:\/\/www.toncic.net\/de\/korrektur-der-abgesenkten-nasenspitze\/#breadcrumb"},"inLanguage":"de","potentialAction":[{"@type":"ReadAction","target":["https:\/\/www.toncic.net\/de\/korrektur-der-abgesenkten-nasenspitze\/"]}]},{"@type":"BreadcrumbList","@id":"https:\/\/www.toncic.net\/de\/korrektur-der-abgesenkten-nasenspitze\/#breadcrumb","itemListElement":[{"@type":"ListItem","position":1,"name":"Home","item":"https:\/\/www.toncic.net\/de\/"},{"@type":"ListItem","position":2,"name":"Korrektur der abgesenkten Nasenspitze"}]}]}},"_links":{"self":[{"href":"https:\/\/www.toncic.net\/de\/wp-json\/wp\/v2\/pages\/2872","targetHints":{"allow":["GET"]}}],"collection":[{"href":"https:\/\/www.toncic.net\/de\/wp-json\/wp\/v2\/pages"}],"about":[{"href":"https:\/\/www.toncic.net\/de\/wp-json\/wp\/v2\/types\/page"}],"author":[{"embeddable":true,"href":"https:\/\/www.toncic.net\/de\/wp-json\/wp\/v2\/users\/1"}],"replies":[{"embeddable":true,"href":"https:\/\/www.toncic.net\/de\/wp-json\/wp\/v2\/comments?post=2872"}],"version-history":[{"count":2,"href":"https:\/\/www.toncic.net\/de\/wp-json\/wp\/v2\/pages\/2872\/revisions"}],"predecessor-version":[{"id":5487,"href":"https:\/\/www.toncic.net\/de\/wp-json\/wp\/v2\/pages\/2872\/revisions\/5487"}],"wp:attachment":[{"href":"https:\/\/www.toncic.net\/de\/wp-json\/wp\/v2\/media?parent=2872"}],"curies":[{"name":"wp","href":"https:\/\/api.w.org\/{rel}","templated":true}]}}