{"id":3847,"date":"2020-01-13T13:56:20","date_gmt":"2020-01-13T12:56:20","guid":{"rendered":"https:\/\/www.toncic.net\/de\/?page_id=3847"},"modified":"2020-02-21T11:59:36","modified_gmt":"2020-02-21T10:59:36","slug":"barbaras-nasenoperation","status":"publish","type":"page","link":"https:\/\/www.toncic.net\/de\/poliklinik\/aus-medien\/barbaras-nasenoperation\/","title":{"rendered":"Barbaras Nasenoperation"},"content":{"rendered":"","protected":false},"excerpt":{"rendered":"","protected":false},"author":1,"featured_media":0,"parent":2889,"menu_order":0,"comment_status":"closed","ping_status":"closed","template":"","meta":{"inline_featured_image":false,"footnotes":""},"class_list":["post-3847","page","type-page","status-publish","hentry"],"yoast_head":"<!-- This site is optimized with the Yoast SEO plugin v18.3 - https:\/\/yoast.com\/wordpress\/plugins\/seo\/ -->\n<title>Barbaras Nasenoperation | Sch\u00f6nheitschirurgie Dr. Toncic | Sch\u00f6nheitsoperationen - Preise, Kosten, Risiken<\/title>\n<meta name=\"description\" content=\"Sch\u00f6nheitschirurgie Dr. Toncic | Sch\u00f6nheitsoperationen - Preise, Kosten, Risiken Barbaras Nasenoperation\" \/>\n<meta name=\"robots\" content=\"index, follow, max-snippet:-1, max-image-preview:large, max-video-preview:-1\" \/>\n<link rel=\"canonical\" href=\"https:\/\/www.toncic.net\/de\/poliklinik\/aus-medien\/barbaras-nasenoperation\/\" \/>\n<meta property=\"og:locale\" content=\"de_DE\" \/>\n<meta property=\"og:type\" content=\"article\" \/>\n<meta property=\"og:title\" content=\"Barbaras Nasenoperation | Sch\u00f6nheitschirurgie Dr. Toncic | Sch\u00f6nheitsoperationen - Preise, Kosten, Risiken\" \/>\n<meta property=\"og:description\" content=\"Sch\u00f6nheitschirurgie Dr. Toncic | Sch\u00f6nheitsoperationen - Preise, Kosten, Risiken Barbaras Nasenoperation\" \/>\n<meta property=\"og:url\" content=\"https:\/\/www.toncic.net\/de\/poliklinik\/aus-medien\/barbaras-nasenoperation\/\" \/>\n<meta property=\"og:site_name\" content=\"Sch\u00f6nheitschirurgie Dr. Toncic | Sch\u00f6nheitsoperationen - Preise, Kosten, Risiken\" \/>\n<meta property=\"article:modified_time\" content=\"2020-02-21T10:59:36+00:00\" \/>\n<meta name=\"twitter:card\" content=\"summary_large_image\" \/>\n<script type=\"application\/ld+json\" class=\"yoast-schema-graph\">{\"@context\":\"https:\/\/schema.org\",\"@graph\":[{\"@type\":\"Organization\",\"@id\":\"https:\/\/www.toncic.net\/de\/#organization\",\"name\":\"Poliklinika dr. Ton\u010di\u0107\",\"url\":\"https:\/\/www.toncic.net\/de\/\",\"sameAs\":[],\"logo\":{\"@type\":\"ImageObject\",\"@id\":\"https:\/\/www.toncic.net\/de\/#logo\",\"inLanguage\":\"de\",\"url\":\"https:\/\/www.toncic.net\/de\/wp-content\/uploads\/2019\/10\/poliklinika-dr-toncic_logo-ljubicasti.png\",\"contentUrl\":\"https:\/\/www.toncic.net\/de\/wp-content\/uploads\/2019\/10\/poliklinika-dr-toncic_logo-ljubicasti.png\",\"width\":1250,\"height\":417,\"caption\":\"Poliklinika dr. Ton\u010di\u0107\"},\"image\":{\"@id\":\"https:\/\/www.toncic.net\/de\/#logo\"}},{\"@type\":\"WebSite\",\"@id\":\"https:\/\/www.toncic.net\/de\/#website\",\"url\":\"https:\/\/www.toncic.net\/de\/\",\"name\":\"Sch\u00f6nheitschirurgie Dr. Toncic | Sch\u00f6nheitsoperationen - Preise, Kosten, Risiken\",\"description\":\"Samo jo\u0161 jedna WordPress web-stranica\",\"publisher\":{\"@id\":\"https:\/\/www.toncic.net\/de\/#organization\"},\"potentialAction\":[{\"@type\":\"SearchAction\",\"target\":{\"@type\":\"EntryPoint\",\"urlTemplate\":\"https:\/\/www.toncic.net\/de\/?s={search_term_string}\"},\"query-input\":\"required name=search_term_string\"}],\"inLanguage\":\"de\"},{\"@type\":\"WebPage\",\"@id\":\"https:\/\/www.toncic.net\/de\/poliklinik\/aus-medien\/barbaras-nasenoperation\/#webpage\",\"url\":\"https:\/\/www.toncic.net\/de\/poliklinik\/aus-medien\/barbaras-nasenoperation\/\",\"name\":\"Barbaras Nasenoperation | Sch\u00f6nheitschirurgie Dr. Toncic | Sch\u00f6nheitsoperationen - Preise, Kosten, Risiken\",\"isPartOf\":{\"@id\":\"https:\/\/www.toncic.net\/de\/#website\"},\"datePublished\":\"2020-01-13T12:56:20+00:00\",\"dateModified\":\"2020-02-21T10:59:36+00:00\",\"description\":\"Sch\u00f6nheitschirurgie Dr. Toncic | Sch\u00f6nheitsoperationen - Preise, Kosten, Risiken Barbaras Nasenoperation\",\"breadcrumb\":{\"@id\":\"https:\/\/www.toncic.net\/de\/poliklinik\/aus-medien\/barbaras-nasenoperation\/#breadcrumb\"},\"inLanguage\":\"de\",\"potentialAction\":[{\"@type\":\"ReadAction\",\"target\":[\"https:\/\/www.toncic.net\/de\/poliklinik\/aus-medien\/barbaras-nasenoperation\/\"]}]},{\"@type\":\"BreadcrumbList\",\"@id\":\"https:\/\/www.toncic.net\/de\/poliklinik\/aus-medien\/barbaras-nasenoperation\/#breadcrumb\",\"itemListElement\":[{\"@type\":\"ListItem\",\"position\":1,\"name\":\"Home\",\"item\":\"https:\/\/www.toncic.net\/de\/\"},{\"@type\":\"ListItem\",\"position\":2,\"name\":\"Klinik\",\"item\":\"https:\/\/www.toncic.net\/de\/poliklinik\/\"},{\"@type\":\"ListItem\",\"position\":3,\"name\":\"Aus Medien\",\"item\":\"https:\/\/www.toncic.net\/de\/poliklinik\/aus-medien\/\"},{\"@type\":\"ListItem\",\"position\":4,\"name\":\"Barbaras Nasenoperation\"}]}]}<\/script>\n<!-- \/ Yoast SEO plugin. -->","yoast_head_json":{"title":"Barbaras Nasenoperation | Sch\u00f6nheitschirurgie Dr. Toncic | Sch\u00f6nheitsoperationen - Preise, Kosten, Risiken","description":"Sch\u00f6nheitschirurgie Dr. Toncic | Sch\u00f6nheitsoperationen - Preise, Kosten, Risiken Barbaras Nasenoperation","robots":{"index":"index","follow":"follow","max-snippet":"max-snippet:-1","max-image-preview":"max-image-preview:large","max-video-preview":"max-video-preview:-1"},"canonical":"https:\/\/www.toncic.net\/de\/poliklinik\/aus-medien\/barbaras-nasenoperation\/","og_locale":"de_DE","og_type":"article","og_title":"Barbaras Nasenoperation | Sch\u00f6nheitschirurgie Dr. Toncic | Sch\u00f6nheitsoperationen - Preise, Kosten, Risiken","og_description":"Sch\u00f6nheitschirurgie Dr. Toncic | Sch\u00f6nheitsoperationen - Preise, Kosten, Risiken Barbaras Nasenoperation","og_url":"https:\/\/www.toncic.net\/de\/poliklinik\/aus-medien\/barbaras-nasenoperation\/","og_site_name":"Sch\u00f6nheitschirurgie Dr. Toncic | Sch\u00f6nheitsoperationen - Preise, Kosten, Risiken","article_modified_time":"2020-02-21T10:59:36+00:00","twitter_card":"summary_large_image","schema":{"@context":"https:\/\/schema.org","@graph":[{"@type":"Organization","@id":"https:\/\/www.toncic.net\/de\/#organization","name":"Poliklinika dr. Ton\u010di\u0107","url":"https:\/\/www.toncic.net\/de\/","sameAs":[],"logo":{"@type":"ImageObject","@id":"https:\/\/www.toncic.net\/de\/#logo","inLanguage":"de","url":"https:\/\/www.toncic.net\/de\/wp-content\/uploads\/2019\/10\/poliklinika-dr-toncic_logo-ljubicasti.png","contentUrl":"https:\/\/www.toncic.net\/de\/wp-content\/uploads\/2019\/10\/poliklinika-dr-toncic_logo-ljubicasti.png","width":1250,"height":417,"caption":"Poliklinika dr. Ton\u010di\u0107"},"image":{"@id":"https:\/\/www.toncic.net\/de\/#logo"}},{"@type":"WebSite","@id":"https:\/\/www.toncic.net\/de\/#website","url":"https:\/\/www.toncic.net\/de\/","name":"Sch\u00f6nheitschirurgie Dr. Toncic | Sch\u00f6nheitsoperationen - Preise, Kosten, Risiken","description":"Samo jo\u0161 jedna WordPress web-stranica","publisher":{"@id":"https:\/\/www.toncic.net\/de\/#organization"},"potentialAction":[{"@type":"SearchAction","target":{"@type":"EntryPoint","urlTemplate":"https:\/\/www.toncic.net\/de\/?s={search_term_string}"},"query-input":"required name=search_term_string"}],"inLanguage":"de"},{"@type":"WebPage","@id":"https:\/\/www.toncic.net\/de\/poliklinik\/aus-medien\/barbaras-nasenoperation\/#webpage","url":"https:\/\/www.toncic.net\/de\/poliklinik\/aus-medien\/barbaras-nasenoperation\/","name":"Barbaras Nasenoperation | Sch\u00f6nheitschirurgie Dr. Toncic | Sch\u00f6nheitsoperationen - Preise, Kosten, Risiken","isPartOf":{"@id":"https:\/\/www.toncic.net\/de\/#website"},"datePublished":"2020-01-13T12:56:20+00:00","dateModified":"2020-02-21T10:59:36+00:00","description":"Sch\u00f6nheitschirurgie Dr. Toncic | Sch\u00f6nheitsoperationen - Preise, Kosten, Risiken Barbaras Nasenoperation","breadcrumb":{"@id":"https:\/\/www.toncic.net\/de\/poliklinik\/aus-medien\/barbaras-nasenoperation\/#breadcrumb"},"inLanguage":"de","potentialAction":[{"@type":"ReadAction","target":["https:\/\/www.toncic.net\/de\/poliklinik\/aus-medien\/barbaras-nasenoperation\/"]}]},{"@type":"BreadcrumbList","@id":"https:\/\/www.toncic.net\/de\/poliklinik\/aus-medien\/barbaras-nasenoperation\/#breadcrumb","itemListElement":[{"@type":"ListItem","position":1,"name":"Home","item":"https:\/\/www.toncic.net\/de\/"},{"@type":"ListItem","position":2,"name":"Klinik","item":"https:\/\/www.toncic.net\/de\/poliklinik\/"},{"@type":"ListItem","position":3,"name":"Aus Medien","item":"https:\/\/www.toncic.net\/de\/poliklinik\/aus-medien\/"},{"@type":"ListItem","position":4,"name":"Barbaras Nasenoperation"}]}]}},"_links":{"self":[{"href":"https:\/\/www.toncic.net\/de\/wp-json\/wp\/v2\/pages\/3847","targetHints":{"allow":["GET"]}}],"collection":[{"href":"https:\/\/www.toncic.net\/de\/wp-json\/wp\/v2\/pages"}],"about":[{"href":"https:\/\/www.toncic.net\/de\/wp-json\/wp\/v2\/types\/page"}],"author":[{"embeddable":true,"href":"https:\/\/www.toncic.net\/de\/wp-json\/wp\/v2\/users\/1"}],"replies":[{"embeddable":true,"href":"https:\/\/www.toncic.net\/de\/wp-json\/wp\/v2\/comments?post=3847"}],"version-history":[{"count":4,"href":"https:\/\/www.toncic.net\/de\/wp-json\/wp\/v2\/pages\/3847\/revisions"}],"predecessor-version":[{"id":5712,"href":"https:\/\/www.toncic.net\/de\/wp-json\/wp\/v2\/pages\/3847\/revisions\/5712"}],"up":[{"embeddable":true,"href":"https:\/\/www.toncic.net\/de\/wp-json\/wp\/v2\/pages\/2889"}],"wp:attachment":[{"href":"https:\/\/www.toncic.net\/de\/wp-json\/wp\/v2\/media?parent=3847"}],"curies":[{"name":"wp","href":"https:\/\/api.w.org\/{rel}","templated":true}]}}